{"id":75,"date":"2022-06-11T22:41:45","date_gmt":"2022-06-11T21:41:45","guid":{"rendered":"https:\/\/safewheels.wordifysites.com\/?page_id=75"},"modified":"2025-12-01T10:45:13","modified_gmt":"2025-12-01T10:45:13","slug":"canaldedenuncias","status":"publish","type":"page","link":"https:\/\/www.audiatlantica.es\/?page_id=75","title":{"rendered":"Canal de denuncias"},"content":{"rendered":"\n<div style=\"height:42px\" aria-hidden=\"true\" class=\"wp-block-spacer\"><\/div>\n\n\n\n<p class=\"gb-text gbp-section__tagline gb-text-64459f19\">CANAL DE DENUNCIAS<\/p>\n\n\n\n<div class=\"gb-element-de64635a\">\n<div class=\"gb-element-1387c6f9\">\n<div style=\"height:42px\" aria-hidden=\"true\" class=\"wp-block-spacer\"><\/div>\n\n\n\n<a class=\"gb-text gb-text-fe1a2499\" href=\"https:\/\/dabocanaldenuncia.com\/AUDIATLANTICA\" target=\"_blank\" rel=\"noopener\">Enlace Canal de Denuncias<\/a>\n\n\n\n<div style=\"height:42px\" aria-hidden=\"true\" class=\"wp-block-spacer\"><\/div>\n<\/div>\n<\/div>\n\n\n\n<div style=\"height:57px\" aria-hidden=\"true\" class=\"wp-block-spacer\"><\/div>\n\n\n\n<p>Estimado cliente,<\/p>\n\n\n\n<p>AUDIATLANTICA S.L. tiene implantado un C\u00f3digo \u00c9tico o de denuncias en el que establece los principios \u00e9ticos y de actuaci\u00f3n con los que se compromete en su actividad empresarial y define el marco de comportamiento a seguir por los Miembros de la Organizaci\u00f3n en el desarrollo de su desempe\u00f1o profesional.<\/p>\n\n\n\n<p>En la voluntad de dar una adecuada respuesta ante cualquier duda, discrepancia o irregularidad en el cumplimiento de dicho C\u00f3digo, as\u00ed como para colaborar en la vigilancia del cumplimiento del conjunto de las normas aplicables a muestra entidad y a sus Miembros, se activa este Canal \u00c9tico o de denuncias como cauce de comunicaci\u00f3n y conocimiento.<\/p>\n\n\n\n<p>El Canal \u00c9tico es, por tanto, un medio de comunicaci\u00f3n confidencial y transparente para que, tanto los Miembros de nuestra entidad, como otras partes interesadas de la misma, cuenten con un cauce adecuado para informar de aquellos comportamientos que puedan conllevar alguna irregularidad o de alg\u00fan acto contrario a la legalidad o a las normas de<br>comportamiento del C\u00f3digo \u00c9tico y dem\u00e1s normas internas aplicables, sean cometidos por otros Miembros de la Organizaci\u00f3n o por representantes o empleados de empresas que colaboran con nuestra entidad en sus distintas actividades.<\/p>\n\n\n\n<p>Su finalidad es establecer los mecanismos necesarios para comunicar y gestionar de manera temprana cualquier cuesti\u00f3n relacionada con el alcance, cumplimiento o interpretaci\u00f3n de la normativa aplicable a la Organizaci\u00f3n, as\u00ed como, especialmente, aquellos comportamientos de los que pudiera derivarse un delito que pueda conllevar responsabilidad penal para la persona jur\u00eddica.<\/p>\n\n\n\n<p>Atentamente, El equipo de Audiatl\u00e1ntica.<\/p>\n\n\n\n<div style=\"height:25px\" aria-hidden=\"true\" class=\"wp-block-spacer\"><\/div>\n","protected":false},"excerpt":{"rendered":"<p>CANAL DE DENUNCIAS Enlace Canal de Denuncias Estimado cliente, AUDIATLANTICA S.L. tiene implantado un C\u00f3digo \u00c9tico o de denuncias en el que establece los principios \u00e9ticos y de actuaci\u00f3n con los que se compromete en su actividad empresarial y define el marco de comportamiento a seguir por los Miembros de la Organizaci\u00f3n en el desarrollo &#8230; <a title=\"Canal de denuncias\" class=\"read-more\" href=\"https:\/\/www.audiatlantica.es\/?page_id=75\" aria-label=\"Leer m\u00e1s sobre Canal de denuncias\">Leer m\u00e1s<\/a><\/p>\n","protected":false},"author":1,"featured_media":0,"parent":0,"menu_order":0,"comment_status":"closed","ping_status":"closed","template":"","meta":{"footnotes":""},"class_list":["post-75","page","type-page","status-publish"],"_links":{"self":[{"href":"https:\/\/www.audiatlantica.es\/index.php?rest_route=\/wp\/v2\/pages\/75","targetHints":{"allow":["GET"]}}],"collection":[{"href":"https:\/\/www.audiatlantica.es\/index.php?rest_route=\/wp\/v2\/pages"}],"about":[{"href":"https:\/\/www.audiatlantica.es\/index.php?rest_route=\/wp\/v2\/types\/page"}],"author":[{"embeddable":true,"href":"https:\/\/www.audiatlantica.es\/index.php?rest_route=\/wp\/v2\/users\/1"}],"replies":[{"embeddable":true,"href":"https:\/\/www.audiatlantica.es\/index.php?rest_route=%2Fwp%2Fv2%2Fcomments&post=75"}],"version-history":[{"count":10,"href":"https:\/\/www.audiatlantica.es\/index.php?rest_route=\/wp\/v2\/pages\/75\/revisions"}],"predecessor-version":[{"id":6962,"href":"https:\/\/www.audiatlantica.es\/index.php?rest_route=\/wp\/v2\/pages\/75\/revisions\/6962"}],"wp:attachment":[{"href":"https:\/\/www.audiatlantica.es\/index.php?rest_route=%2Fwp%2Fv2%2Fmedia&parent=75"}],"curies":[{"name":"wp","href":"https:\/\/api.w.org\/{rel}","templated":true}]}}