{"id":71,"date":"2022-06-11T22:39:20","date_gmt":"2022-06-11T21:39:20","guid":{"rendered":"https:\/\/safewheels.wordifysites.com\/?page_id=71"},"modified":"2025-12-01T08:51:41","modified_gmt":"2025-12-01T08:51:41","slug":"contact-us","status":"publish","type":"page","link":"https:\/\/www.audiatlantica.es\/?page_id=71","title":{"rendered":"Contacto"},"content":{"rendered":"\n<div style=\"height:77px\" aria-hidden=\"true\" class=\"wp-block-spacer\"><\/div>\n\n\n\n<div class=\"gb-element-527ced82\">\n<div class=\"gb-element-62fb7fa4\">\n<div>\n<h2 class=\"gb-text gb-text-aa468a77\">Contacto<\/h2>\n\n\n\n<p class=\"gb-text gb-text-de1eaddd\">Estamos a tu disposici\u00f3n para resolver cualquier duda sobre auditor\u00eda, cuentas anuales, subvenciones o informes especializados. <br>Cu\u00e9ntanos qu\u00e9 necesitas y te responderemos con una propuesta clara y profesional.<\/p>\n\n\n\n<div class=\"gb-element-a01d0b64\">\n<span class=\"gb-text-5d4cff80\"><span class=\"gb-shape\"><svg xmlns=\"http:\/\/www.w3.org\/2000\/svg\" viewBox=\"0 0 512 512\" width=\"1em\" height=\"1em\" aria-hidden=\"true\"><path d=\"M464 64H48C21.49 64 0 85.49 0 112v288c0 26.51 21.49 48 48 48h416c26.51 0 48-21.49 48-48V112c0-26.51-21.49-48-48-48zm0 48v40.805c-22.422 18.259-58.168 46.651-134.587 106.49-16.841 13.247-50.201 45.072-73.413 44.701-23.208.375-56.579-31.459-73.413-44.701C106.18 199.465 70.425 171.067 48 152.805V112h416zM48 400V214.398c22.914 18.251 55.409 43.862 104.938 82.646 21.857 17.205 60.134 55.186 103.062 54.955 42.717.231 80.509-37.199 103.053-54.947 49.528-38.783 82.032-64.401 104.947-82.653V400H48z\" fill=\"currentColor\"><\/path><\/svg><\/span><\/span>\n\n\n\n<div>\n<h3 class=\"gb-text gb-text-3151c63a\">Correo<\/h3>\n\n\n\n<p class=\"gb-text gb-text-05b99984\"><a href=\"mailto:support@safewheels.com\">correo@audiatlantica.es<\/a><\/p>\n<\/div>\n<\/div>\n\n\n\n<div class=\"gb-element-25a683f7\">\n<span class=\"gb-text-e82802c4\"><span class=\"gb-shape\"><svg xmlns=\"http:\/\/www.w3.org\/2000\/svg\" xml:space=\"preserve\" style=\"enable-background:new 0 0 278.567 278.567\" viewBox=\"0 0 278.567 278.567\"><path d=\"m271.245 212.376-42.426-42.426c-9.747-9.748-25.608-9.747-35.355 0l-5.604 5.604a22.773 22.773 0 0 1-16.21 6.715 22.773 22.773 0 0 1-16.21-6.715l-52.432-52.433a22.773 22.773 0 0 1-6.715-16.21c0-6.124 2.385-11.88 6.715-16.21l5.604-5.604c9.748-9.747 9.748-25.608 0-35.355L66.184 7.316c-9.747-9.748-25.608-9.748-35.355 0-35.842 35.841-41.047 92.195-12.378 133.996C50.52 188.071 90.49 228.04 137.248 260.109a104.985 104.985 0 0 0 59.508 18.452c27.162-.001 54.135-10.476 74.488-30.829 4.722-4.722 7.323-11 7.323-17.678s-2.6-12.956-7.322-17.678zM43.557 20.042c1.322-1.321 3.08-2.049 4.95-2.049s3.628.728 4.95 2.05l42.426 42.426c1.322 1.322 2.05 3.08 2.05 4.95s-.728 3.627-2.05 4.95l-2.525 2.525-52.27-52.27a89.44 89.44 0 0 1 2.469-2.582zm103.872 225.223c-44.923-30.811-83.323-69.211-114.134-114.134-19.572-28.537-20.084-65.246-3.069-93.912l52.046 52.046c-2.603 5.44-3.981 11.437-3.981 17.646 0 10.932 4.257 21.209 11.987 28.938l52.432 52.432c7.73 7.73 18.007 11.987 28.938 11.987 6.209 0 12.206-1.377 17.646-3.981l52.047 52.047c-28.665 17.015-65.374 16.504-93.912-3.069zm111.088-10.262a88.012 88.012 0 0 1-2.581 2.469l-52.27-52.27 2.525-2.525c1.322-1.322 3.08-2.05 4.95-2.05s3.628.728 4.95 2.05l42.426 42.426c2.729 2.729 2.729 7.171 0 9.9z\"><\/path><\/svg><\/span><\/span>\n\n\n\n<div>\n<h3 class=\"gb-text gb-text-215f7f5d\">Tel\u00e9fono y horario<\/h3>\n\n\n\n<p class=\"gb-text gb-text-35451d41\"><a href=\"tel: 0800 900 1000\"><\/a><a href=\"tel: 0800 900 1000\">928 471 109<\/a><br>Lunes a Viernes de 08:00h a 15:00h<\/p>\n<\/div>\n<\/div>\n\n\n\n<div class=\"gb-element-724cfad2\">\n<span class=\"gb-text-e7e7e0a2\"><span class=\"gb-shape\"><svg viewBox=\"0 0 368.666 368.666\" style=\"enable-background:new 0 0 368.666 368.666\" xml:space=\"preserve\" xmlns=\"http:\/\/www.w3.org\/2000\/svg\"><path d=\"M184.333 0C102.01 0 35.036 66.974 35.036 149.297c0 33.969 11.132 65.96 32.193 92.515 27.27 34.383 106.572 116.021 109.934 119.479l7.169 7.375 7.17-7.374c3.364-3.46 82.69-85.116 109.964-119.51 21.042-26.534 32.164-58.514 32.164-92.485C333.63 66.974 266.656 0 184.333 0zm101.462 229.355c-21.956 27.687-80.92 89.278-101.462 110.581-20.54-21.302-79.483-82.875-101.434-110.552-18.228-22.984-27.863-50.677-27.863-80.087C55.036 78.002 113.038 20 184.333 20c71.294 0 129.297 58.002 129.296 129.297 0 29.412-9.625 57.096-27.834 80.058z\"><\/path><path d=\"M184.333 59.265c-48.73 0-88.374 39.644-88.374 88.374s39.645 88.374 88.374 88.374 88.374-39.645 88.374-88.374-39.644-88.374-88.374-88.374zm0 156.748c-37.702 0-68.374-30.673-68.374-68.374 0-37.702 30.673-68.374 68.374-68.374s68.373 30.673 68.374 68.374c0 37.702-30.672 68.374-68.374 68.374z\"><\/path><\/svg><\/span><\/span>\n\n\n\n<div>\n<h3 class=\"gb-text gb-text-3a8f00b5\">Ubicaci\u00f3n<\/h3>\n\n\n\n<p>C\/Avenida Jos\u00e9 Mesa y L\u00f3pez n\u00ba78<br>Las Palmas de Gran Canaria, Espa\u00f1a.<\/p>\n<\/div>\n<\/div>\n\n\n\n<div class=\"gb-element-4cf6333d\">\n<a class=\"gb-text-6ed8a582\" href=\"#\" aria-label=\"Follow us on Facebook\"><span class=\"gb-shape\"><svg aria-hidden=\"true\" role=\"img\" height=\"1em\" width=\"1em\" viewBox=\"0 0 384 512\" xmlns=\"http:\/\/www.w3.org\/2000\/svg\"><path fill=\"currentColor\" d=\"M172.268 501.67C26.97 291.031 0 269.413 0 192 0 85.961 85.961 0 192 0s192 85.961 192 192c0 77.413-26.97 99.031-172.268 309.67-9.535 13.774-29.93 13.773-39.464 0zM192 272c44.183 0 80-35.817 80-80s-35.817-80-80-80-80 35.817-80 80 35.817 80 80 80z\"><\/path><\/svg><\/span><\/a>\n\n\n\n<a class=\"gb-text-ecdffd24\" href=\"#\" aria-label=\"Follow us on LinkedIn\"><span class=\"gb-shape\"><svg aria-hidden=\"true\" role=\"img\" height=\"1em\" width=\"1em\" viewBox=\"0 0 448 512\" xmlns=\"http:\/\/www.w3.org\/2000\/svg\"><path fill=\"currentColor\" d=\"M416 32H31.9C14.3 32 0 46.5 0 64.3v383.4C0 465.5 14.3 480 31.9 480H416c17.6 0 32-14.5 32-32.3V64.3c0-17.8-14.4-32.3-32-32.3zM135.4 416H69V202.2h66.5V416zm-33.2-243c-21.3 0-38.5-17.3-38.5-38.5S80.9 96 102.2 96c21.2 0 38.5 17.3 38.5 38.5 0 21.3-17.2 38.5-38.5 38.5zm282.1 243h-66.4V312c0-24.8-.5-56.7-34.5-56.7-34.6 0-39.9 27-39.9 54.9V416h-66.4V202.2h63.7v29.2h.9c8.9-16.8 30.6-34.5 62.9-34.5 67.2 0 79.7 44.3 79.7 101.9V416z\"><\/path><\/svg><\/span><\/a>\n<\/div>\n<\/div>\n\n\n\n<div><div class='fluentform ff-default fluentform_wrapper_3 ffs_default_wrap'><form data-form_id=\"3\" id=\"fluentform_3\" class=\"frm-fluent-form fluent_form_3 ff-el-form-top ff_form_instance_3_1 ff-form-loading ffs_default\" data-form_instance=\"ff_form_instance_3_1\" method=\"POST\" ><fieldset  style=\"border: none!important;margin: 0!important;padding: 0!important;background-color: transparent!important;box-shadow: none!important;outline: none!important; min-inline-size: 100%;\">\n                    <legend class=\"ff_screen_reader_title\" style=\"display: block; margin: 0!important;padding: 0!important;height: 0!important;text-indent: -999999px;width: 0!important;overflow:hidden;\">Contact Form Demo (#3)<\/legend><input type='hidden' name='__fluent_form_embded_post_id' value='71' \/><input type=\"hidden\" id=\"_fluentform_3_fluentformnonce\" name=\"_fluentform_3_fluentformnonce\" value=\"4444b34470\" \/><input type=\"hidden\" name=\"_wp_http_referer\" value=\"\/index.php?rest_route=%2Fwp%2Fv2%2Fpages%2F71\" \/><div data-type=\"name-element\" data-name=\"names\" class=\" ff-field_container ff-name-field-wrapper\" ><div class='ff-t-container'><div class='ff-t-cell '><div class='ff-el-group'><div class=\"ff-el-input--label asterisk-right\"><label for='ff_3_names_first_name_' id='label_ff_3_names_first_name_' >Nombre<\/label><\/div><div class='ff-el-input--content'><input type=\"text\" name=\"names[first_name]\" id=\"ff_3_names_first_name_\" class=\"ff-el-form-control\" placeholder=\"Nombre\" aria-invalid=\"false\" aria-required=false><\/div><\/div><\/div><div class='ff-t-cell '><div class='ff-el-group'><div class=\"ff-el-input--label asterisk-right\"><label for='ff_3_names_last_name_' id='label_ff_3_names_last_name_' >Empresa<\/label><\/div><div class='ff-el-input--content'><input type=\"text\" name=\"names[last_name]\" id=\"ff_3_names_last_name_\" class=\"ff-el-form-control\" placeholder=\"Empresa\" aria-invalid=\"false\" aria-required=false><\/div><\/div><\/div><\/div><\/div><div class='ff-el-group'><div class=\"ff-el-input--label ff-el-is-required asterisk-right\"><label for='ff_3_email' id='label_ff_3_email' aria-label=\"Correo\">Correo<\/label><\/div><div class='ff-el-input--content'><input type=\"email\" name=\"email\" id=\"ff_3_email\" class=\"ff-el-form-control\" placeholder=\"Correo\" data-name=\"email\"  aria-invalid=\"false\" aria-required=true><\/div><\/div><div class='ff-el-group'><div class=\"ff-el-input--label ff-el-is-required asterisk-right\"><label for='ff_3_message' id='label_ff_3_message' aria-label=\"Mensaje\">Mensaje<\/label><\/div><div class='ff-el-input--content'><textarea aria-required=\"true\" aria-labelledby=\"label_ff_3_message\" name=\"message\" id=\"ff_3_message\" class=\"ff-el-form-control\" placeholder=\"Mensaje\" rows=\"4\" cols=\"2\" data-name=\"message\" ><\/textarea><\/div><\/div><div class='ff-el-group    ff-el-input--content'><div class='ff-el-form-check ff-el-tc'><label aria-label='Doy mi consentimiento para que este sitio web almacene mi informaci\u00f3n enviada para que puedan responder a mi consulta' class='ff-el-form-check-label ff_tc_label' for=gdpr-agreement_1653c8b92211f396c07fadc03ff704be><span class='ff_tc_checkbox'><input type=\"checkbox\" name=\"gdpr-agreement\" class=\"ff-el-form-check-input ff_gdpr_field\" data-name=\"gdpr-agreement\" id=\"gdpr-agreement_1653c8b92211f396c07fadc03ff704be\"  value='on' aria-invalid='false' aria-required=true><\/span> <div class='ff_t_c'>Doy mi consentimiento para que este sitio web almacene mi informaci\u00f3n enviada para que puedan responder a mi consulta<\/div><\/label><\/div><\/div><div class='ff-el-group    ff-el-input--content'><div class='ff-el-form-check ff-el-tc'><label aria-label='T\u00e9rminos y condiciones: He le\u00eddo y acepto los T\u00e9rminos y Condiciones y la Pol\u00edtica de Privacidad. Contiene 2 enlaces. Usa la navegaci\u00f3n por pesta\u00f1as para rese\u00f1ar.' class='ff-el-form-check-label ff_tc_label' for=terms-n-condition_71af08ac91ae44ba35db44586ca3a6e1><span class='ff_tc_checkbox'><input type=\"checkbox\" name=\"terms-n-condition\" class=\"ff-el-form-check-input\" data-name=\"terms-n-condition\" id=\"terms-n-condition_71af08ac91ae44ba35db44586ca3a6e1\"  value='on' aria-invalid='false' aria-required=false><\/span> <div class='ff_t_c'><p>He le\u00eddo y acepto los <a href=\"https:\/\/www.audiatlantica.es\/?page_id=5502\">T\u00e9rminos y Condiciones<\/a> y la <a href=\"https:\/\/www.audiatlantica.es\/?page_id=5964\">Pol\u00edtica de Privacidad<\/a>.<\/p><\/div><\/label><\/div><\/div><div class='ff-el-group ff-text-left ff_submit_btn_wrapper'><button type=\"submit\" class=\"ff-btn ff-btn-submit ff-btn-md ff_btn_style\"  aria-label=\"Enviar\">Enviar<\/button><\/div><\/fieldset><\/form><div id='fluentform_3_errors' class='ff-errors-in-stack ff_form_instance_3_1 ff-form-loading_errors ff_form_instance_3_1_errors'><\/div><\/div>            <script type=\"text\/javascript\">\n                window.fluent_form_ff_form_instance_3_1 = {\"id\":\"3\",\"settings\":{\"layout\":{\"labelPlacement\":\"top\",\"asteriskPlacement\":\"asterisk-right\",\"helpMessagePlacement\":\"with_label\",\"errorMessagePlacement\":\"inline\",\"cssClassName\":\"\"},\"restrictions\":{\"denyEmptySubmission\":{\"enabled\":false}}},\"form_instance\":\"ff_form_instance_3_1\",\"form_id_selector\":\"fluentform_3\",\"rules\":{\"names[first_name]\":{\"required\":{\"value\":false,\"message\":\"Este campo es obligatorio\",\"global\":true,\"global_message\":\"Este campo es obligatorio\"}},\"names[middle_name]\":{\"required\":{\"value\":false,\"message\":\"Este campo es obligatorio\",\"global\":true,\"global_message\":\"Este campo es obligatorio\"}},\"names[last_name]\":{\"required\":{\"value\":false,\"message\":\"Este campo es obligatorio\",\"global\":true,\"global_message\":\"Este campo es obligatorio\"}},\"email\":{\"required\":{\"value\":true,\"message\":\"Este campo es obligatorio\",\"global\":true,\"global_message\":\"Este campo es obligatorio\"},\"email\":{\"value\":true,\"message\":\"Este campo debe contener un correo electr\\u00f3nico v\\u00e1lido\",\"global\":true,\"global_message\":\"Este campo debe contener un correo electr\\u00f3nico v\\u00e1lido\"}},\"message\":{\"required\":{\"value\":true,\"message\":\"Este campo es obligatorio\",\"global\":true,\"global_message\":\"Este campo es obligatorio\"}},\"gdpr-agreement\":{\"required\":{\"value\":true,\"message\":\"Este campo es obligatorio\",\"global_message\":\"Este campo es obligatorio\",\"global\":true}},\"terms-n-condition\":{\"required\":{\"value\":false,\"message\":\"Este campo es obligatorio\",\"global_message\":\"Este campo es obligatorio\",\"global\":true}}},\"debounce_time\":300};\n                            <\/script>\n            \n<\/div>\n<\/div>\n<\/div>\n\n\n\n<div style=\"height:77px\" aria-hidden=\"true\" class=\"wp-block-spacer\"><\/div>\n\n\n\n<div class=\"gbp-section gb-element-65599c44\"><\/div>\n\n\n\n<div class=\"map-full custom-pin\">\n\n  <!-- TARJETA DE INFORMACI\u00d3N (DERECHA, STICKY) -->\n  <div class=\"map-card map-card-right\">\n    <h3 class=\"brand-title\">Audiatlantica, S.L.<\/h3>\n    <p>C\/Avenida Jos\u00e9 Mesa y L\u00f3pez n\u00ba78<br>35010 \u2014 Las Palmas<\/p>\n    <p>Lunes a Viernes \u2014 08:00 a 15:00<\/p>\n\n    <a href=\"tel:+34928123456\" class=\"btn-call\">Llamar<\/a>\n\n    <div class=\"route-buttons\">\n      <span class=\"route-label\">C\u00f3mo llegar:<\/span>\n      <div class=\"route-group\">\n        <!-- Google Maps -->\n        <a href=\"https:\/\/www.google.com\/maps\/dir\/?api=1&#038;destination=28.131100675942307,-15.442038323614737\" target=\"_blank\" rel=\"noopener\" class=\"btn-route\">\n          Google Maps\n        <\/a>\n        <!-- Apple Maps -->\n        <a href=\"https:\/\/maps.apple.com\/?daddr=28.131100675942307,-15.442038323614737\" target=\"_blank\" rel=\"noopener\" class=\"btn-route\">\n          Apple Maps\n        <\/a>\n      <\/div>\n    <\/div>\n  <\/div>\n\n  <!-- C\u00cdRCULO COMO PUNTERO -->\n  <div class=\"pin-circle\"><\/div>\n\n  <!-- GOOGLE MAPS -->\n  <iframe \n    src=\"https:\/\/www.google.com\/maps\/embed?pb=!1m18!1m12!1m3!1d4535.573153105083!2d-15.442038323614737!3d28.131100675942307!2m3!1f0!2f0!3f0!3m2!1i1024!2i768!4f13.1!3m3!1m2!1s0xc40958f22e7cd81%3A0x1533a8a7b23ada98!2sAudiatlantica%2C%20S.L.!5e1!3m2!1ses!2ses!4v1763304620400!5m2!1ses!2ses\" \n    allowfullscreen=\"\" \n    loading=\"lazy\" \n    referrerpolicy=\"no-referrer-when-downgrade\">\n  <\/iframe>\n<\/div>\n\n<style>\n  \/* MAPA FULL WIDTH *\/\n  .map-full {\n    width: 100vw;\n    margin-left: calc(50% - 50vw);\n    height: 400px;\n    overflow: hidden;\n    position: relative;\n    box-shadow: 0 6px 28px rgba(0,0,0,0.25);\n  }\n\n  .map-full iframe {\n    position: absolute;\n    inset: 0;\n    width: 100%;\n    height: 100%;\n    border: 0;\n    z-index: 1;\n  }\n\n  \/* TARJETA SUPERPUESTA, STICKY, DERECHA *\/\n  .map-card {\n    position: sticky;\n    top: 20px;\n    background: rgba(255,255,255,0.9);\n    padding: 18px 22px;\n    border-radius: 10px;\n    box-shadow: 0 8px 30px rgba(0,0,0,0.25);\n    z-index: 10;\n    max-width: 280px;\n    backdrop-filter: blur(4px);\n  }\n\n  .map-card-right {\n    margin-left: auto;\n    margin-right: 20px;\n    margin-top: 20px;\n  }\n\n  \/* NOMBRE DE LA MARCA EN COLOR AZUL CORPORATIVO *\/\n  .brand-title {\n    margin: 0 0 8px 0;\n    font-size: 1.15rem;\n    font-weight: 700;\n    color: #276db8;\n  }\n\n  .map-card p {\n    margin: 4px 0;\n    color: #333;\n    font-size: 0.92rem;\n    line-height: 1.3rem;\n  }\n\n  .btn-call {\n    display: inline-block;\n    margin-top: 10px;\n    padding: 8px 14px;\n    background: #276db8;\n    color: white;\n    text-decoration: none;\n    border-radius: 6px;\n    font-size: 0.85rem;\n    box-shadow: 0 3px 10px rgba(0,0,0,0.25);\n    transition: 0.2s ease;\n  }\n\n  .btn-call:hover {\n    background: #1f5996;\n    transform: scale(1.03);\n  }\n\n  \/* BOTONES \"C\u00d3MO LLEGAR\" *\/\n  .route-buttons {\n    margin-top: 12px;\n    font-size: 0.85rem;\n  }\n\n  .route-label {\n    display: block;\n    margin-bottom: 6px;\n    color: #444;\n    font-weight: 500;\n  }\n\n  .route-group {\n    display: flex;\n    flex-wrap: wrap;\n    gap: 6px;\n  }\n\n  .btn-route {\n    display: inline-block;\n    padding: 6px 10px;\n    border-radius: 999px;\n    border: 1px solid #276db8;\n    color: #276db8;\n    text-decoration: none;\n    font-size: 0.8rem;\n    background: rgba(39,109,184,0.05);\n    transition: 0.2s ease;\n  }\n\n  .btn-route:hover {\n    background: #276db8;\n    color: #fff;\n  }\n\n  \/* PUNTERO C\u00cdRCULO *\/\n  .pin-circle {\n    position: absolute;\n    top: 50%;\n    left: 50%;\n    width: 26px;\n    height: 26px;\n    background: #d4d3d2;\n    border: 4px solid white;\n    border-radius: 50%;\n    transform: translate(-50%, -100%);\n    z-index: 5;\n    pointer-events: none;\n    box-shadow: 0 0 10px rgba(0,0,0,0.25);\n    animation: pulse 2.5s infinite ease-out;\n  }\n\n  @keyframes pulse {\n    0%   { transform: translate(-50%, -100%) scale(1);   opacity: 1; }\n    100% { transform: translate(-50%, -100%) scale(1.5); opacity: 0; }\n  }\n\n  \/* MODO OSCURO *\/\n  @media (prefers-color-scheme: dark) {\n    .map-full iframe {\n      filter: invert(90%) hue-rotate(180deg) brightness(1.2) contrast(0.9);\n    }\n    .map-card {\n      background: rgba(25,25,25,0.9);\n      color: #f0f0f0;\n    }\n    .map-card p {\n      color: #e0e0e0;\n    }\n    .route-label {\n      color: #f0f0f0;\n    }\n  }\n\n  \/* RESPONSIVE *\/\n  @media (max-width: 768px) {\n    .map-card-right {\n      margin-right: 10px;\n      max-width: 230px;\n      padding: 14px 16px;\n    }\n    .route-group {\n      gap: 4px;\n    }\n  }\n<\/style>\n","protected":false},"excerpt":{"rendered":"<p>Contacto Estamos a tu disposici\u00f3n para resolver cualquier duda sobre auditor\u00eda, cuentas anuales, subvenciones o informes especializados. Cu\u00e9ntanos qu\u00e9 necesitas y te responderemos con una propuesta clara y profesional. Correo correo@audiatlantica.es Tel\u00e9fono y horario 928 471 109Lunes a Viernes de 08:00h a 15:00h Ubicaci\u00f3n C\/Avenida Jos\u00e9 Mesa y L\u00f3pez n\u00ba78Las Palmas de Gran Canaria, Espa\u00f1a. &#8230; <a title=\"Contacto\" class=\"read-more\" href=\"https:\/\/www.audiatlantica.es\/?page_id=71\" aria-label=\"Leer m\u00e1s sobre Contacto\">Leer m\u00e1s<\/a><\/p>\n","protected":false},"author":1,"featured_media":365,"parent":0,"menu_order":0,"comment_status":"closed","ping_status":"closed","template":"","meta":{"footnotes":""},"class_list":["post-71","page","type-page","status-publish","has-post-thumbnail"],"_links":{"self":[{"href":"https:\/\/www.audiatlantica.es\/index.php?rest_route=\/wp\/v2\/pages\/71","targetHints":{"allow":["GET"]}}],"collection":[{"href":"https:\/\/www.audiatlantica.es\/index.php?rest_route=\/wp\/v2\/pages"}],"about":[{"href":"https:\/\/www.audiatlantica.es\/index.php?rest_route=\/wp\/v2\/types\/page"}],"author":[{"embeddable":true,"href":"https:\/\/www.audiatlantica.es\/index.php?rest_route=\/wp\/v2\/users\/1"}],"replies":[{"embeddable":true,"href":"https:\/\/www.audiatlantica.es\/index.php?rest_route=%2Fwp%2Fv2%2Fcomments&post=71"}],"version-history":[{"count":33,"href":"https:\/\/www.audiatlantica.es\/index.php?rest_route=\/wp\/v2\/pages\/71\/revisions"}],"predecessor-version":[{"id":7006,"href":"https:\/\/www.audiatlantica.es\/index.php?rest_route=\/wp\/v2\/pages\/71\/revisions\/7006"}],"wp:featuredmedia":[{"embeddable":true,"href":"https:\/\/www.audiatlantica.es\/index.php?rest_route=\/wp\/v2\/media\/365"}],"wp:attachment":[{"href":"https:\/\/www.audiatlantica.es\/index.php?rest_route=%2Fwp%2Fv2%2Fmedia&parent=71"}],"curies":[{"name":"wp","href":"https:\/\/api.w.org\/{rel}","templated":true}]}}