{"id":69,"date":"2022-06-11T22:39:10","date_gmt":"2022-06-11T21:39:10","guid":{"rendered":"https:\/\/safewheels.wordifysites.com\/?page_id=69"},"modified":"2025-12-02T09:28:10","modified_gmt":"2025-12-02T09:28:10","slug":"servicios","status":"publish","type":"page","link":"https:\/\/www.audiatlantica.es\/?page_id=69","title":{"rendered":"servicios"},"content":{"rendered":"\n<div style=\"height:44px\" aria-hidden=\"true\" class=\"wp-block-spacer\"><\/div>\n\n\n\n<div class=\"gbp-section gb-element-8b3a3153\">\n<div class=\"gbp-section__inner gb-element-259b9efe\">\n<div class=\"gb-element-cd037696\">\n<p class=\"gb-text gbp-section__tagline\">SERVICIOS<\/p>\n\n\n\n<h1 class=\"gb-text gbp-section__headline gb-text-2aa58235\">Expertos en Auditor\u00eda y Transparencia Empresarial<\/h1>\n\n\n\n<p class=\"gb-text gbp-section__text\">M\u00e1s de 25 a\u00f1os ayudando a empresas y profesionales a dar solidez, transparencia y seguridad a su informaci\u00f3n financiera, desde Canarias y para todo el territorio nacional.<\/p>\n<\/div>\n\n\n\n<div>\n<div>\n<div class=\"gb-element-67149d95\">\n<div class=\"gb-element-f7833b79\">\n<h3 class=\"gb-text gb-text-b30c2baa\">Cuentas Anuales<\/h3>\n\n\n\n<p class=\"gb-text\">Elaboraci\u00f3n, revisi\u00f3n y presentaci\u00f3n de cuentas anuales, memoria y estados financieros en el Registro Mercantil.<\/p>\n<\/div>\n\n\n\n<div class=\"gb-element-1be88b9c\">\n<h3 class=\"gb-text gb-text-25b187d2\">Auditor\u00eda Subvenciones<br>Formaciones<\/h3>\n\n\n\n<p class=\"gb-text\">Elaboraci\u00f3n, revisi\u00f3n y presentaci\u00f3n de cuentas anuales, memoria y estados financieros.<\/p>\n<\/div>\n\n\n\n<div class=\"gb-element-5cb16e35\">\n<h3 class=\"gb-text gb-text-0304aa8f\">Informe Pericial<\/h3>\n\n\n\n<p class=\"gb-text\">Elaboraci\u00f3n, revisi\u00f3n y presentaci\u00f3n de cuentas anuales, memoria y estados financieros en el Registro Mercantil<\/p>\n<\/div>\n\n\n\n<div class=\"gb-element-bf1237f9\">\n<h3 class=\"gb-text gb-text-d404c75c\">Cuentas Voluntarias<\/h3>\n\n\n\n<p class=\"gb-text\">Elaboraci\u00f3n, revisi\u00f3n y presentaci\u00f3n de cuentas anuales, memoria y estados financieros en el Registro Mercantil<\/p>\n<\/div>\n\n\n\n<div class=\"gb-element-cd570091\">\n<h3 class=\"gb-text gb-text-30799625\">Cuentas Consolidadas<\/h3>\n\n\n\n<p class=\"gb-text\">Elaboraci\u00f3n, revisi\u00f3n y presentaci\u00f3n de cuentas anuales, memoria y estados financieros en el Registro Mercantil<\/p>\n<\/div>\n\n\n\n<div class=\"gb-element-04374b9e\">\n<h3 class=\"gb-text gb-text-1ce10b85\">Cuentas Obligatorias<\/h3>\n\n\n\n<p class=\"gb-text\">uentas anuales obligatorias conforme a la normativa vigente, garantizando el cumplimiento legal.<\/p>\n<\/div>\n<\/div>\n<\/div>\n<\/div>\n<\/div>\n<\/div>\n\n\n\n<div style=\"height:29px\" aria-hidden=\"true\" class=\"wp-block-spacer\"><\/div>\n\n\n\n<div class=\"gbp-section gb-element-8420a366\"><\/div>\n","protected":false},"excerpt":{"rendered":"<p>SERVICIOS Expertos en Auditor\u00eda y Transparencia Empresarial M\u00e1s de 25 a\u00f1os ayudando a empresas y profesionales a dar solidez, transparencia y seguridad a su informaci\u00f3n financiera, desde Canarias y para todo el territorio nacional. Cuentas Anuales Elaboraci\u00f3n, revisi\u00f3n y presentaci\u00f3n de cuentas anuales, memoria y estados financieros en el Registro Mercantil. Auditor\u00eda SubvencionesFormaciones Elaboraci\u00f3n, revisi\u00f3n &#8230; <a title=\"servicios\" class=\"read-more\" href=\"https:\/\/www.audiatlantica.es\/?page_id=69\" aria-label=\"Leer m\u00e1s sobre servicios\">Leer m\u00e1s<\/a><\/p>\n","protected":false},"author":1,"featured_media":368,"parent":0,"menu_order":0,"comment_status":"closed","ping_status":"closed","template":"","meta":{"footnotes":""},"class_list":["post-69","page","type-page","status-publish","has-post-thumbnail"],"_links":{"self":[{"href":"https:\/\/www.audiatlantica.es\/index.php?rest_route=\/wp\/v2\/pages\/69","targetHints":{"allow":["GET"]}}],"collection":[{"href":"https:\/\/www.audiatlantica.es\/index.php?rest_route=\/wp\/v2\/pages"}],"about":[{"href":"https:\/\/www.audiatlantica.es\/index.php?rest_route=\/wp\/v2\/types\/page"}],"author":[{"embeddable":true,"href":"https:\/\/www.audiatlantica.es\/index.php?rest_route=\/wp\/v2\/users\/1"}],"replies":[{"embeddable":true,"href":"https:\/\/www.audiatlantica.es\/index.php?rest_route=%2Fwp%2Fv2%2Fcomments&post=69"}],"version-history":[{"count":4,"href":"https:\/\/www.audiatlantica.es\/index.php?rest_route=\/wp\/v2\/pages\/69\/revisions"}],"predecessor-version":[{"id":7016,"href":"https:\/\/www.audiatlantica.es\/index.php?rest_route=\/wp\/v2\/pages\/69\/revisions\/7016"}],"wp:featuredmedia":[{"embeddable":true,"href":"https:\/\/www.audiatlantica.es\/index.php?rest_route=\/wp\/v2\/media\/368"}],"wp:attachment":[{"href":"https:\/\/www.audiatlantica.es\/index.php?rest_route=%2Fwp%2Fv2%2Fmedia&parent=69"}],"curies":[{"name":"wp","href":"https:\/\/api.w.org\/{rel}","templated":true}]}}