{"id":6497,"date":"2022-06-11T22:41:18","date_gmt":"2022-06-11T21:41:18","guid":{"rendered":"https:\/\/safewheels.wordifysites.com\/?page_id=73"},"modified":"2025-12-02T09:22:05","modified_gmt":"2025-12-02T09:22:05","slug":"style-guide","status":"publish","type":"page","link":"https:\/\/www.audiatlantica.es\/?page_id=6497","title":{"rendered":"Trabaja con nosotros"},"content":{"rendered":"\n<div class=\"gb-element-cd037696\">\n<p class=\"gb-text gbp-section__tagline\">Trabaja con nosotros<\/p>\n\n\n\n<h1 class=\"gb-text gbp-section__headline gb-text-2aa58235\">Expertos en Auditor\u00eda y Transparencia Empresarial<\/h1>\n\n\n\n<p class=\"gb-text gbp-section__text\">En\u00a0<strong>Audiatl\u00e1ntica <\/strong>\u00a0creemos en las personas como el motor que impulsa la calidad y la independencia de nuestro trabajo. Buscamos profesionales con talento, motivaci\u00f3n y vocaci\u00f3n por el an\u00e1lisis, la verificaci\u00f3n y la mejora continua de las organizaciones.<br><br><br>Como firma especializada en\u00a0<strong>auditor\u00eda, consultor\u00eda y asesoramiento financiero<\/strong>, ofrecemos un entorno donde podr\u00e1s crecer, formarte y participar en proyectos que generan impacto en empresas de Canarias y del resto del territorio nacional. Nos encantar\u00e1 conocerte.<br><br>Envianos un correo a <a href=\"mailto:correo@audiatlantica.es\">correo@audiatlantica.es<\/a> o escr\u00edbenos directamente por aqu\u00ed.<br><br><\/p>\n<\/div>\n\n\n\n<div><div class='fluentform ff-default fluentform_wrapper_3 ffs_default_wrap'><form data-form_id=\"3\" id=\"fluentform_3\" class=\"frm-fluent-form fluent_form_3 ff-el-form-top ff_form_instance_3_1 ff-form-loading ffs_default\" data-form_instance=\"ff_form_instance_3_1\" method=\"POST\" ><fieldset  style=\"border: none!important;margin: 0!important;padding: 0!important;background-color: transparent!important;box-shadow: none!important;outline: none!important; min-inline-size: 100%;\">\n                    <legend class=\"ff_screen_reader_title\" style=\"display: block; margin: 0!important;padding: 0!important;height: 0!important;text-indent: -999999px;width: 0!important;overflow:hidden;\">Contact Form Demo (#3)<\/legend><input type='hidden' name='__fluent_form_embded_post_id' value='6497' \/><input type=\"hidden\" id=\"_fluentform_3_fluentformnonce\" name=\"_fluentform_3_fluentformnonce\" value=\"4444b34470\" \/><input type=\"hidden\" name=\"_wp_http_referer\" value=\"\/index.php?rest_route=%2Fwp%2Fv2%2Fpages%2F6497\" \/><div data-type=\"name-element\" data-name=\"names\" class=\" ff-field_container ff-name-field-wrapper\" ><div class='ff-t-container'><div class='ff-t-cell '><div class='ff-el-group'><div class=\"ff-el-input--label asterisk-right\"><label for='ff_3_names_first_name_' id='label_ff_3_names_first_name_' >Nombre<\/label><\/div><div class='ff-el-input--content'><input type=\"text\" name=\"names[first_name]\" id=\"ff_3_names_first_name_\" class=\"ff-el-form-control\" placeholder=\"Nombre\" aria-invalid=\"false\" aria-required=false><\/div><\/div><\/div><div class='ff-t-cell '><div class='ff-el-group'><div class=\"ff-el-input--label asterisk-right\"><label for='ff_3_names_last_name_' id='label_ff_3_names_last_name_' >Empresa<\/label><\/div><div class='ff-el-input--content'><input type=\"text\" name=\"names[last_name]\" id=\"ff_3_names_last_name_\" class=\"ff-el-form-control\" placeholder=\"Empresa\" aria-invalid=\"false\" aria-required=false><\/div><\/div><\/div><\/div><\/div><div class='ff-el-group'><div class=\"ff-el-input--label ff-el-is-required asterisk-right\"><label for='ff_3_email' id='label_ff_3_email' aria-label=\"Correo\">Correo<\/label><\/div><div class='ff-el-input--content'><input type=\"email\" name=\"email\" id=\"ff_3_email\" class=\"ff-el-form-control\" placeholder=\"Correo\" data-name=\"email\"  aria-invalid=\"false\" aria-required=true><\/div><\/div><div class='ff-el-group'><div class=\"ff-el-input--label ff-el-is-required asterisk-right\"><label for='ff_3_message' id='label_ff_3_message' aria-label=\"Mensaje\">Mensaje<\/label><\/div><div class='ff-el-input--content'><textarea aria-required=\"true\" aria-labelledby=\"label_ff_3_message\" name=\"message\" id=\"ff_3_message\" class=\"ff-el-form-control\" placeholder=\"Mensaje\" rows=\"4\" cols=\"2\" data-name=\"message\" ><\/textarea><\/div><\/div><div class='ff-el-group    ff-el-input--content'><div class='ff-el-form-check ff-el-tc'><label aria-label='Doy mi consentimiento para que este sitio web almacene mi informaci\u00f3n enviada para que puedan responder a mi consulta' class='ff-el-form-check-label ff_tc_label' for=gdpr-agreement_4de183e067a64865369034e312ec2bdc><span class='ff_tc_checkbox'><input type=\"checkbox\" name=\"gdpr-agreement\" class=\"ff-el-form-check-input ff_gdpr_field\" data-name=\"gdpr-agreement\" id=\"gdpr-agreement_4de183e067a64865369034e312ec2bdc\"  value='on' aria-invalid='false' aria-required=true><\/span> <div class='ff_t_c'>Doy mi consentimiento para que este sitio web almacene mi informaci\u00f3n enviada para que puedan responder a mi consulta<\/div><\/label><\/div><\/div><div class='ff-el-group    ff-el-input--content'><div class='ff-el-form-check ff-el-tc'><label aria-label='T\u00e9rminos y condiciones: He le\u00eddo y acepto los T\u00e9rminos y Condiciones y la Pol\u00edtica de Privacidad. Contiene 2 enlaces. Usa la navegaci\u00f3n por pesta\u00f1as para rese\u00f1ar.' class='ff-el-form-check-label ff_tc_label' for=terms-n-condition_465a2d8b99e1fe2c3e92ee081c8b94a7><span class='ff_tc_checkbox'><input type=\"checkbox\" name=\"terms-n-condition\" class=\"ff-el-form-check-input\" data-name=\"terms-n-condition\" id=\"terms-n-condition_465a2d8b99e1fe2c3e92ee081c8b94a7\"  value='on' aria-invalid='false' aria-required=false><\/span> <div class='ff_t_c'><p>He le\u00eddo y acepto los <a href=\"https:\/\/www.audiatlantica.es\/?page_id=5502\">T\u00e9rminos y Condiciones<\/a> y la <a href=\"https:\/\/www.audiatlantica.es\/?page_id=5964\">Pol\u00edtica de Privacidad<\/a>.<\/p><\/div><\/label><\/div><\/div><div class='ff-el-group ff-text-left ff_submit_btn_wrapper'><button type=\"submit\" class=\"ff-btn ff-btn-submit ff-btn-md ff_btn_style\"  aria-label=\"Enviar\">Enviar<\/button><\/div><\/fieldset><\/form><div id='fluentform_3_errors' class='ff-errors-in-stack ff_form_instance_3_1 ff-form-loading_errors ff_form_instance_3_1_errors'><\/div><\/div>            <script type=\"text\/javascript\">\n                window.fluent_form_ff_form_instance_3_1 = {\"id\":\"3\",\"settings\":{\"layout\":{\"labelPlacement\":\"top\",\"asteriskPlacement\":\"asterisk-right\",\"helpMessagePlacement\":\"with_label\",\"errorMessagePlacement\":\"inline\",\"cssClassName\":\"\"},\"restrictions\":{\"denyEmptySubmission\":{\"enabled\":false}}},\"form_instance\":\"ff_form_instance_3_1\",\"form_id_selector\":\"fluentform_3\",\"rules\":{\"names[first_name]\":{\"required\":{\"value\":false,\"message\":\"Este campo es obligatorio\",\"global\":true,\"global_message\":\"Este campo es obligatorio\"}},\"names[middle_name]\":{\"required\":{\"value\":false,\"message\":\"Este campo es obligatorio\",\"global\":true,\"global_message\":\"Este campo es obligatorio\"}},\"names[last_name]\":{\"required\":{\"value\":false,\"message\":\"Este campo es obligatorio\",\"global\":true,\"global_message\":\"Este campo es obligatorio\"}},\"email\":{\"required\":{\"value\":true,\"message\":\"Este campo es obligatorio\",\"global\":true,\"global_message\":\"Este campo es obligatorio\"},\"email\":{\"value\":true,\"message\":\"Este campo debe contener un correo electr\\u00f3nico v\\u00e1lido\",\"global\":true,\"global_message\":\"Este campo debe contener un correo electr\\u00f3nico v\\u00e1lido\"}},\"message\":{\"required\":{\"value\":true,\"message\":\"Este campo es obligatorio\",\"global\":true,\"global_message\":\"Este campo es obligatorio\"}},\"gdpr-agreement\":{\"required\":{\"value\":true,\"message\":\"Este campo es obligatorio\",\"global_message\":\"Este campo es obligatorio\",\"global\":true}},\"terms-n-condition\":{\"required\":{\"value\":false,\"message\":\"Este campo es obligatorio\",\"global_message\":\"Este campo es obligatorio\",\"global\":true}}},\"debounce_time\":300};\n                            <\/script>\n            \n<\/div>\n","protected":false},"excerpt":{"rendered":"<p>Trabaja con nosotros Expertos en Auditor\u00eda y Transparencia Empresarial En\u00a0Audiatl\u00e1ntica \u00a0creemos en las personas como el motor que impulsa la calidad y la independencia de nuestro trabajo. Buscamos profesionales con talento, motivaci\u00f3n y vocaci\u00f3n por el an\u00e1lisis, la verificaci\u00f3n y la mejora continua de las organizaciones. Como firma especializada en\u00a0auditor\u00eda, consultor\u00eda y asesoramiento financiero, ofrecemos &#8230; <a title=\"Trabaja con nosotros\" class=\"read-more\" href=\"https:\/\/www.audiatlantica.es\/?page_id=6497\" aria-label=\"Leer m\u00e1s sobre Trabaja con nosotros\">Leer m\u00e1s<\/a><\/p>\n","protected":false},"author":1,"featured_media":0,"parent":0,"menu_order":0,"comment_status":"closed","ping_status":"closed","template":"","meta":{"footnotes":""},"class_list":["post-6497","page","type-page","status-publish"],"_links":{"self":[{"href":"https:\/\/www.audiatlantica.es\/index.php?rest_route=\/wp\/v2\/pages\/6497","targetHints":{"allow":["GET"]}}],"collection":[{"href":"https:\/\/www.audiatlantica.es\/index.php?rest_route=\/wp\/v2\/pages"}],"about":[{"href":"https:\/\/www.audiatlantica.es\/index.php?rest_route=\/wp\/v2\/types\/page"}],"author":[{"embeddable":true,"href":"https:\/\/www.audiatlantica.es\/index.php?rest_route=\/wp\/v2\/users\/1"}],"replies":[{"embeddable":true,"href":"https:\/\/www.audiatlantica.es\/index.php?rest_route=%2Fwp%2Fv2%2Fcomments&post=6497"}],"version-history":[{"count":3,"href":"https:\/\/www.audiatlantica.es\/index.php?rest_route=\/wp\/v2\/pages\/6497\/revisions"}],"predecessor-version":[{"id":7012,"href":"https:\/\/www.audiatlantica.es\/index.php?rest_route=\/wp\/v2\/pages\/6497\/revisions\/7012"}],"wp:attachment":[{"href":"https:\/\/www.audiatlantica.es\/index.php?rest_route=%2Fwp%2Fv2%2Fmedia&parent=6497"}],"curies":[{"name":"wp","href":"https:\/\/api.w.org\/{rel}","templated":true}]}}